{"id":168,"date":"2023-04-05T21:21:55","date_gmt":"2023-04-05T19:21:55","guid":{"rendered":"https:\/\/circulum.de\/convention\/23\/?page_id=168"},"modified":"2023-05-17T09:39:06","modified_gmt":"2023-05-17T07:39:06","slug":"preise","status":"publish","type":"page","link":"https:\/\/circulum.de\/convention\/23\/preise\/","title":{"rendered":"Anmeldung"},"content":{"rendered":"\n<p>Die Voranmeldung ist bereits geschlossen. Wer noch kein Ticket hat, kann dies vor Ort kaufen. Die Preise f\u00fcr die Tagestickets folgen bald.<\/p>\n\n\n\n<figure class=\"wp-block-table\"><table><tbody><tr><td><strong>Preise vor Ort f\u00fcr die gesamte Con<\/strong><\/td><td>Donnerstag<\/td><td>Freitag<\/td><td colspan=\"2\">Samstag<\/td><td>Samstag<br>ab 22:00 Uhr<\/td><\/tr><tr><td>Unterst\u00fctzer<\/td><td>ab 58,00 \u20ac<\/td><td>ab 49,00 \u20ac<\/td><td colspan=\"2\">ab 32,00 \u20ac<\/td><td>ab 23,00 \u20ac<\/td><\/tr><tr><td>Erwachsene<\/td><td>58,00 \u20ac<\/td><td>49,00 \u20ac<\/td><td colspan=\"2\">32,00 \u20ac<\/td><td>23,00 \u20ac<\/td><\/tr><tr><td>Kinder 7 &#8211; 15 Jahre<\/td><td>34,00 \u20ac<\/td><td>30,00 \u20ac<\/td><td colspan=\"2\">20,00 \u20ac<\/td><td>14,00 \u20ac<\/td><\/tr><\/tbody><\/table><\/figure>\n\n\n\n<figure class=\"wp-block-table\"><table><tbody><tr><td><strong>Tageskarte<\/strong><strong>(endet 22:00 Uhr)<\/strong><\/td><td>Donnerstag<\/td><td>Freitag<\/td><td colspan=\"2\">Samstag<\/td><td>Sonntag<\/td><\/tr><tr><td>Erwachsene<\/td><td>12,00 \u20ac<\/td><td>15,00 \u20ac<\/td><td colspan=\"2\">15,00 \u20ac<\/td><td>12,00 \u20ac<\/td><\/tr><tr><td>Kinder 7 &#8211; 15 Jahre<\/td><td>8,00 \u20ac<\/td><td>10,00 \u20ac<\/td><td colspan=\"2\">10,00 \u20ac<\/td><td>8,00 \u20ac<\/td><\/tr><\/tbody><\/table><\/figure>\n\n\n\n<div class=\"wp-block-group is-layout-constrained\"><div class=\"wp-block-group__inner-container\">\n<figure class=\"wp-block-table\"><table><thead><tr><th><\/th><th class=\"has-text-align-center\" data-align=\"center\">Anmeldung bis 30.04.2023<\/th><th class=\"has-text-align-center\" data-align=\"center\">Anmeldung ab 01.05.2023 und vor Ort<\/th><\/tr><\/thead><tbody><tr><td>Vollzahler (ab 18 Jahren)<\/td><td class=\"has-text-align-center\" data-align=\"center\">52\u20ac<\/td><td class=\"has-text-align-center\" data-align=\"center\">58\u20ac<\/td><\/tr><tr><td>Erm\u00e4\u00dfigt* (ab 18 Jahren)<\/td><td class=\"has-text-align-center\" data-align=\"center\">45\u20ac<\/td><td class=\"has-text-align-center\" data-align=\"center\">51\u20ac<\/td><\/tr><tr><td>Kinder\/Jugendliche unter 18 Jahren)<\/td><td class=\"has-text-align-center\" data-align=\"center\">29\u20ac<\/td><td class=\"has-text-align-center\" data-align=\"center\">34\u20ac<\/td><\/tr><tr><td>Kinder unter 7 Jahren<\/td><td class=\"has-text-align-center\" data-align=\"center\">0\u20ac<\/td><td class=\"has-text-align-center\" data-align=\"center\">0\u20ac<\/td><\/tr><tr><td><em>Galakarte<\/em> (kann beim Ticket-Kauf dazugebucht werden)<\/td><td class=\"has-text-align-center\" data-align=\"center\">12\u20ac f\u00fcr Conventionteilnehmer:innen<br>15\u20ac f\u00fcr Externe<\/td><td class=\"has-text-align-center\" data-align=\"center\">-&gt; same<\/td><\/tr><\/tbody><\/table><figcaption class=\"wp-element-caption\">*Erm\u00e4\u00dfigung nach Selbsteinsch\u00e4tzung f\u00fcr Auszubildende, Studierende, Arbeistssuchende, Personen mit geringem Einkommen, &#8230;<\/figcaption><\/figure>\n<\/div><\/div>\n\n\n\n<h3 class=\"wp-block-heading\">Was ist enthalten:<\/h3>\n\n\n\n<ul>\n<li>Zugang zu den Campingfl\u00e4chen<\/li>\n\n\n\n<li>Zugang zur Jonglierhalle<\/li>\n\n\n\n<li>Zugang zu den Volleyclub Feldern<\/li>\n\n\n\n<li>Fr\u00fchst\u00fcck (Freitag, Samstag, Sonntag)<\/li>\n\n\n\n<li>Open Stage (Freitag Abend)<\/li>\n\n\n\n<li>Option zum Erwerb einer Eintrittskarte zur Galashow f\u00fcr 12\u20ac (solange der Vorrat reicht)<\/li>\n\n\n\n<li>Zugang zur Aftershowparty nach der Galashow im Zirkuszelt<\/li>\n<\/ul>\n\n\n\n<h2 class=\"wp-block-heading\" id=\"shop\">Ticket-Shop<\/h2>\n\n\n\n<pretix-widget event=\"https:\/\/pretix.eu\/BJC\/BJC23\/\"><\/pretix-widget>\n<noscript>\n   <div class=\"pretix-widget\">\n        <div class=\"pretix-widget-info-message\">\n            JavaScript ist in deinem Browser deaktiviert. Um unseren Ticket-Shop ohne JavaScript aufzurufen, klicke bitte <a target=\"_blank\" rel=\"noopener\" href=\"https:\/\/pretix.eu\/BJC\/BJC23\/\">hier<\/a>.\n        <\/div>\n    <\/div>\n<\/noscript>\n","protected":false},"excerpt":{"rendered":"<p>Die Voranmeldung ist bereits geschlossen. Wer noch kein Ticket hat, kann dies vor Ort kaufen. Die Preise f\u00fcr die Tagestickets folgen bald. Preise vor Ort f\u00fcr die gesamte Con Donnerstag Freitag Samstag Samstagab 22:00 Uhr Unterst\u00fctzer ab 58,00 \u20ac ab 49,00 \u20ac ab 32,00 \u20ac ab 23,00 \u20ac Erwachsene 58,00 \u20ac 49,00 \u20ac 32,00 \u20ac&hellip; <a class=\"more-link\" href=\"https:\/\/circulum.de\/convention\/23\/preise\/\"><span class=\"screen-reader-text\">Anmeldung<\/span> weiterlesen<\/a><\/p>\n","protected":false},"author":1,"featured_media":0,"parent":0,"menu_order":0,"comment_status":"closed","ping_status":"closed","template":"","meta":[],"_links":{"self":[{"href":"https:\/\/circulum.de\/convention\/23\/wp-json\/wp\/v2\/pages\/168"}],"collection":[{"href":"https:\/\/circulum.de\/convention\/23\/wp-json\/wp\/v2\/pages"}],"about":[{"href":"https:\/\/circulum.de\/convention\/23\/wp-json\/wp\/v2\/types\/page"}],"author":[{"embeddable":true,"href":"https:\/\/circulum.de\/convention\/23\/wp-json\/wp\/v2\/users\/1"}],"replies":[{"embeddable":true,"href":"https:\/\/circulum.de\/convention\/23\/wp-json\/wp\/v2\/comments?post=168"}],"version-history":[{"count":17,"href":"https:\/\/circulum.de\/convention\/23\/wp-json\/wp\/v2\/pages\/168\/revisions"}],"predecessor-version":[{"id":317,"href":"https:\/\/circulum.de\/convention\/23\/wp-json\/wp\/v2\/pages\/168\/revisions\/317"}],"wp:attachment":[{"href":"https:\/\/circulum.de\/convention\/23\/wp-json\/wp\/v2\/media?parent=168"}],"curies":[{"name":"wp","href":"https:\/\/api.w.org\/{rel}","templated":true}]}}